{"id":783,"date":"2023-11-17T00:58:29","date_gmt":"2023-11-17T00:58:29","guid":{"rendered":"https:\/\/www.shewinsmexico.org\/?page_id=783"},"modified":"2025-02-06T03:00:59","modified_gmt":"2025-02-06T03:00:59","slug":"sports-festivals","status":"publish","type":"page","link":"https:\/\/www.shewinsmexico.org\/es\/sports-festivals\/","title":{"rendered":"Festivales Deportivos"},"content":{"rendered":"<div data-elementor-type=\"wp-page\" data-elementor-id=\"783\" class=\"elementor elementor-783\" data-elementor-post-type=\"page\">\n\t\t\t\t\t\t<section class=\"elementor-section elementor-top-section elementor-element elementor-element-4dcaf49 elementor-section-full_width elementor-section-height-full elementor-section-items-stretch elementor-section-content-middle elementor-section-height-default\" data-id=\"4dcaf49\" data-element_type=\"section\" data-e-type=\"section\">\n\t\t\t\t\t\t<div class=\"elementor-container elementor-column-gap-extended\">\n\t\t\t\t\t<div class=\"elementor-column elementor-col-50 elementor-top-column elementor-element elementor-element-9b4c101\" data-id=\"9b4c101\" data-element_type=\"column\" data-e-type=\"column\" data-settings=\"{&quot;background_background&quot;:&quot;classic&quot;}\">\n\t\t\t<div class=\"elementor-widget-wrap\">\n\t\t\t\t\t\t\t<\/div>\n\t\t<\/div>\n\t\t\t\t<div class=\"elementor-column elementor-col-50 elementor-top-column elementor-element elementor-element-d89e957\" data-id=\"d89e957\" data-element_type=\"column\" data-e-type=\"column\" data-settings=\"{&quot;background_background&quot;:&quot;classic&quot;}\">\n\t\t\t<div class=\"elementor-widget-wrap elementor-element-populated\">\n\t\t\t\t\t\t<div class=\"elementor-element elementor-element-80f3b0e elementor-widget elementor-widget-heading\" data-id=\"80f3b0e\" data-element_type=\"widget\" data-e-type=\"widget\" data-widget_type=\"heading.default\">\n\t\t\t\t<div class=\"elementor-widget-container\">\n\t\t\t\t\t<h2 class=\"elementor-heading-title elementor-size-default\"><span style=\"color: #00000;font-size: 40px\">FESTIVALES DEPORTIVOS<\/h2>\t\t\t\t<\/div>\n\t\t\t\t<\/div>\n\t\t\t\t<div class=\"elementor-element elementor-element-633ed54 elementor-widget elementor-widget-text-editor\" data-id=\"633ed54\" data-element_type=\"widget\" data-e-type=\"widget\" data-widget_type=\"text-editor.default\">\n\t\t\t\t<div class=\"elementor-widget-container\">\n\t\t\t\t\t\t\t\t\t<p><strong>Eventos de un solo d\u00eda<\/strong> que tienen como objetivo ofrecer una experiencia divertida y segura que invite a las ni\u00f1as a conocer y seguir practicando el deporte de manera constante y organizada.<\/p><p>De igual manera, se busca crear un espacio de autoconocimiento y creaci\u00f3n de valores positivos, en donde las ni\u00f1as y sus familias pueden vivir los beneficios del deporte m\u00e1s all\u00e1 de la salud y entender los beneficios psicol\u00f3gicos, emocionales y de desarrollo de habilidades que el deporte ense\u00f1a.<\/p><p>Las activaciones de los festivales deportivos se pueden hacer con uno o varios deportes, en el que las ni\u00f1as van pasando por estaciones y conociendo la oferta deportiva que existe para ellas.<\/p><p>De igual manera, se da un taller para madres y padres de familia en el que se les conecta con la misi\u00f3n y los objetivos del programa y la importancia del deporte en la vida de sus hijas y familia.<\/p>\t\t\t\t\t\t\t\t<\/div>\n\t\t\t\t<\/div>\n\t\t\t\t\t<\/div>\n\t\t<\/div>\n\t\t\t\t\t<\/div>\n\t\t<\/section>\n\t\t\t\t<\/div>","protected":false},"excerpt":{"rendered":"<p>SPORTS FESTIVALS One-day events aimed at providing a fun and safe experience that encourages girls to explore and continue practicing&nbsp;[&hellip;]<\/p>\n","protected":false},"author":1,"featured_media":0,"parent":0,"menu_order":0,"comment_status":"closed","ping_status":"closed","template":"elementor_header_footer","meta":{"footnotes":""},"class_list":["post-783","page","type-page","status-publish","hentry","post-item clearfix"],"_links":{"self":[{"href":"https:\/\/www.shewinsmexico.org\/es\/wp-json\/wp\/v2\/pages\/783","targetHints":{"allow":["GET"]}}],"collection":[{"href":"https:\/\/www.shewinsmexico.org\/es\/wp-json\/wp\/v2\/pages"}],"about":[{"href":"https:\/\/www.shewinsmexico.org\/es\/wp-json\/wp\/v2\/types\/page"}],"author":[{"embeddable":true,"href":"https:\/\/www.shewinsmexico.org\/es\/wp-json\/wp\/v2\/users\/1"}],"replies":[{"embeddable":true,"href":"https:\/\/www.shewinsmexico.org\/es\/wp-json\/wp\/v2\/comments?post=783"}],"version-history":[{"count":13,"href":"https:\/\/www.shewinsmexico.org\/es\/wp-json\/wp\/v2\/pages\/783\/revisions"}],"predecessor-version":[{"id":2356,"href":"https:\/\/www.shewinsmexico.org\/es\/wp-json\/wp\/v2\/pages\/783\/revisions\/2356"}],"wp:attachment":[{"href":"https:\/\/www.shewinsmexico.org\/es\/wp-json\/wp\/v2\/media?parent=783"}],"curies":[{"name":"wp","href":"https:\/\/api.w.org\/{rel}","templated":true}]}}