{"id":370,"date":"2023-11-03T16:12:25","date_gmt":"2023-11-03T16:12:25","guid":{"rendered":"https:\/\/www.shewinsmexico.org\/?page_id=370"},"modified":"2025-02-06T02:59:59","modified_gmt":"2025-02-06T02:59:59","slug":"sports-academies","status":"publish","type":"page","link":"https:\/\/www.shewinsmexico.org\/es\/sports-academies\/","title":{"rendered":"Academias Deportivas"},"content":{"rendered":"<div data-elementor-type=\"wp-page\" data-elementor-id=\"370\" class=\"elementor elementor-370\" data-elementor-post-type=\"page\">\n\t\t\t\t\t\t<section class=\"elementor-section elementor-top-section elementor-element elementor-element-0926d25 elementor-section-full_width elementor-section-height-full elementor-section-items-stretch elementor-section-height-default\" data-id=\"0926d25\" data-element_type=\"section\" data-e-type=\"section\">\n\t\t\t\t\t\t<div class=\"elementor-container elementor-column-gap-extended\">\n\t\t\t\t\t<div class=\"elementor-column elementor-col-50 elementor-top-column elementor-element elementor-element-5ab6b93\" data-id=\"5ab6b93\" data-element_type=\"column\" data-e-type=\"column\" data-settings=\"{&quot;background_background&quot;:&quot;classic&quot;}\">\n\t\t\t<div class=\"elementor-widget-wrap\">\n\t\t\t\t\t\t\t<\/div>\n\t\t<\/div>\n\t\t\t\t<div class=\"elementor-column elementor-col-50 elementor-top-column elementor-element elementor-element-a3f6251\" data-id=\"a3f6251\" data-element_type=\"column\" data-e-type=\"column\" data-settings=\"{&quot;background_background&quot;:&quot;classic&quot;}\">\n\t\t\t<div class=\"elementor-widget-wrap elementor-element-populated\">\n\t\t\t\t\t\t<div class=\"elementor-element elementor-element-df6aa71 elementor-widget elementor-widget-heading\" data-id=\"df6aa71\" data-element_type=\"widget\" data-e-type=\"widget\" data-widget_type=\"heading.default\">\n\t\t\t\t<div class=\"elementor-widget-container\">\n\t\t\t\t\t<h2 class=\"elementor-heading-title elementor-size-default\"><span style=\"color: #00000;font-size: 40px\">ACADEMIAS DEPORTIVAS<\/h2>\t\t\t\t<\/div>\n\t\t\t\t<\/div>\n\t\t\t\t<div class=\"elementor-element elementor-element-272670d elementor-widget elementor-widget-text-editor\" data-id=\"272670d\" data-element_type=\"widget\" data-e-type=\"widget\" data-widget_type=\"text-editor.default\">\n\t\t\t\t<div class=\"elementor-widget-container\">\n\t\t\t\t\t\t\t\t\t<p>A trav\u00e9s de las Academias Deportivas se busca tener una oportunidad abierta para que las ni\u00f1as puedan practicar deporte a largo plazo, en un lugar seguro y de manera organizada. Las Academias est\u00e1n dirigidas para ni\u00f1as entre 6 y 17 a\u00f1os de edad, y se dividen en tres categor\u00edas por edades.<\/p><p>El objetivo de las academias de f\u00fatbol es abrir las oportunidades para que las ni\u00f1as puedan jugar en un espacio seguro que les pertenezca y en donde puedan aprender habilidades de vida.<\/p><p>Es as\u00ed, como las academias tienen un componente de aprendizaje dentro y fuera de la cancha a trav\u00e9s de los talleres de <strong>Goleando en la Vida,<\/strong> , basado en nuestro curriculum de habilidades.<\/p>\t\t\t\t\t\t\t\t<\/div>\n\t\t\t\t<\/div>\n\t\t\t\t\t<\/div>\n\t\t<\/div>\n\t\t\t\t\t<\/div>\n\t\t<\/section>\n\t\t\t\t<\/div>","protected":false},"excerpt":{"rendered":"<p>SPORTS ACADEMIES Through the Sports Academies, the goal is to provide an open opportunity for girls to practice sports in&nbsp;[&hellip;]<\/p>\n","protected":false},"author":1,"featured_media":0,"parent":0,"menu_order":0,"comment_status":"closed","ping_status":"closed","template":"elementor_header_footer","meta":{"footnotes":""},"class_list":["post-370","page","type-page","status-publish","hentry","post-item clearfix"],"_links":{"self":[{"href":"https:\/\/www.shewinsmexico.org\/es\/wp-json\/wp\/v2\/pages\/370","targetHints":{"allow":["GET"]}}],"collection":[{"href":"https:\/\/www.shewinsmexico.org\/es\/wp-json\/wp\/v2\/pages"}],"about":[{"href":"https:\/\/www.shewinsmexico.org\/es\/wp-json\/wp\/v2\/types\/page"}],"author":[{"embeddable":true,"href":"https:\/\/www.shewinsmexico.org\/es\/wp-json\/wp\/v2\/users\/1"}],"replies":[{"embeddable":true,"href":"https:\/\/www.shewinsmexico.org\/es\/wp-json\/wp\/v2\/comments?post=370"}],"version-history":[{"count":14,"href":"https:\/\/www.shewinsmexico.org\/es\/wp-json\/wp\/v2\/pages\/370\/revisions"}],"predecessor-version":[{"id":2353,"href":"https:\/\/www.shewinsmexico.org\/es\/wp-json\/wp\/v2\/pages\/370\/revisions\/2353"}],"wp:attachment":[{"href":"https:\/\/www.shewinsmexico.org\/es\/wp-json\/wp\/v2\/media?parent=370"}],"curies":[{"name":"wp","href":"https:\/\/api.w.org\/{rel}","templated":true}]}}