{"id":365,"date":"2023-11-03T16:09:09","date_gmt":"2023-11-03T16:09:09","guid":{"rendered":"https:\/\/www.shewinsmexico.org\/?page_id=365"},"modified":"2025-06-09T18:32:39","modified_gmt":"2025-06-09T18:32:39","slug":"learning-and-service","status":"publish","type":"page","link":"https:\/\/www.shewinsmexico.org\/es\/learning-and-service\/","title":{"rendered":"Aprendizaje y Servicio"},"content":{"rendered":"<div data-elementor-type=\"wp-page\" data-elementor-id=\"365\" class=\"elementor elementor-365\" data-elementor-post-type=\"page\">\n\t\t\t\t\t\t<section class=\"elementor-section elementor-top-section elementor-element elementor-element-535f0ec elementor-section-full_width elementor-section-height-full elementor-section-items-stretch elementor-section-height-default\" data-id=\"535f0ec\" data-element_type=\"section\" data-e-type=\"section\">\n\t\t\t\t\t\t<div class=\"elementor-container elementor-column-gap-extended\">\n\t\t\t\t\t<div class=\"elementor-column elementor-col-50 elementor-top-column elementor-element elementor-element-0ae4d06\" data-id=\"0ae4d06\" data-element_type=\"column\" data-e-type=\"column\" data-settings=\"{&quot;background_background&quot;:&quot;classic&quot;}\">\n\t\t\t<div class=\"elementor-widget-wrap\">\n\t\t\t\t\t\t\t<\/div>\n\t\t<\/div>\n\t\t\t\t<div class=\"elementor-column elementor-col-50 elementor-top-column elementor-element elementor-element-a684b2b\" data-id=\"a684b2b\" data-element_type=\"column\" data-e-type=\"column\" data-settings=\"{&quot;background_background&quot;:&quot;classic&quot;}\">\n\t\t\t<div class=\"elementor-widget-wrap elementor-element-populated\">\n\t\t\t\t\t\t<div class=\"elementor-element elementor-element-0601d9b elementor-widget elementor-widget-heading\" data-id=\"0601d9b\" data-element_type=\"widget\" data-e-type=\"widget\" data-widget_type=\"heading.default\">\n\t\t\t\t<div class=\"elementor-widget-container\">\n\t\t\t\t\t<h2 class=\"elementor-heading-title elementor-size-default\"><span style=\"font-size: 40px\">Programas de Aprendizaje y Servicio<\/span><\/h2>\t\t\t\t<\/div>\n\t\t\t\t<\/div>\n\t\t\t\t<div class=\"elementor-element elementor-element-4958b06 elementor-widget elementor-widget-text-editor\" data-id=\"4958b06\" data-element_type=\"widget\" data-e-type=\"widget\" data-widget_type=\"text-editor.default\">\n\t\t\t\t<div class=\"elementor-widget-container\">\n\t\t\t\t\t\t\t\t\t<p data-start=\"38\" data-end=\"260\">Programa de intercambios internacionales con estudiantes universitarios dentro y fuera del pa\u00eds en donde buscamos crear experiencias transformadoras que permiten a nuestras participantes desarrollar un sentido de pertenencia, responsabilidad y conexi\u00f3n como ciudadanas globales.<br \/>Confiamos que al crear puentes interculturales se pueden disminuir las brechas de inequidad de g\u00e9nero, transformar estereotipos culturales, y tener un impacto en el desarrollo de las comunidades e individuos con los que trabajamos.<br \/>Este programa est\u00e1 dirigido a estudiantes universitarios y sus profesores, quienes a su vez apoyar\u00e1n las distintas necesidades de comunidades rurales, ind\u00edgenas y poblaci\u00f3n marginada en M\u00e9xico y Latinoam\u00e9rica.<\/p>\t\t\t\t\t\t\t\t<\/div>\n\t\t\t\t<\/div>\n\t\t\t\t\t<\/div>\n\t\t<\/div>\n\t\t\t\t\t<\/div>\n\t\t<\/section>\n\t\t\t\t<\/div>","protected":false},"excerpt":{"rendered":"<p>Service Learning Programs A program for university students both within and outside the country, designed to create transformative experiences that&nbsp;[&hellip;]<\/p>\n","protected":false},"author":1,"featured_media":0,"parent":0,"menu_order":0,"comment_status":"closed","ping_status":"closed","template":"elementor_header_footer","meta":{"footnotes":""},"class_list":["post-365","page","type-page","status-publish","hentry","post-item clearfix"],"_links":{"self":[{"href":"https:\/\/www.shewinsmexico.org\/es\/wp-json\/wp\/v2\/pages\/365","targetHints":{"allow":["GET"]}}],"collection":[{"href":"https:\/\/www.shewinsmexico.org\/es\/wp-json\/wp\/v2\/pages"}],"about":[{"href":"https:\/\/www.shewinsmexico.org\/es\/wp-json\/wp\/v2\/types\/page"}],"author":[{"embeddable":true,"href":"https:\/\/www.shewinsmexico.org\/es\/wp-json\/wp\/v2\/users\/1"}],"replies":[{"embeddable":true,"href":"https:\/\/www.shewinsmexico.org\/es\/wp-json\/wp\/v2\/comments?post=365"}],"version-history":[{"count":16,"href":"https:\/\/www.shewinsmexico.org\/es\/wp-json\/wp\/v2\/pages\/365\/revisions"}],"predecessor-version":[{"id":2444,"href":"https:\/\/www.shewinsmexico.org\/es\/wp-json\/wp\/v2\/pages\/365\/revisions\/2444"}],"wp:attachment":[{"href":"https:\/\/www.shewinsmexico.org\/es\/wp-json\/wp\/v2\/media?parent=365"}],"curies":[{"name":"wp","href":"https:\/\/api.w.org\/{rel}","templated":true}]}}