{"id":361,"date":"2023-11-03T16:05:44","date_gmt":"2023-11-03T16:05:44","guid":{"rendered":"https:\/\/www.shewinsmexico.org\/?page_id=361"},"modified":"2025-02-20T04:53:48","modified_gmt":"2025-02-20T04:53:48","slug":"sports-diplomacy","status":"publish","type":"page","link":"https:\/\/www.shewinsmexico.org\/es\/sports-diplomacy\/","title":{"rendered":"Diplomacia Deportiva"},"content":{"rendered":"<div data-elementor-type=\"wp-page\" data-elementor-id=\"361\" class=\"elementor elementor-361\" data-elementor-post-type=\"page\">\n\t\t\t\t\t\t<section class=\"elementor-section elementor-top-section elementor-element elementor-element-3541219 elementor-section-full_width elementor-section-height-full elementor-section-items-stretch elementor-section-height-default\" data-id=\"3541219\" data-element_type=\"section\" data-e-type=\"section\">\n\t\t\t\t\t\t<div class=\"elementor-container elementor-column-gap-extended\">\n\t\t\t\t\t<div class=\"elementor-column elementor-col-50 elementor-top-column elementor-element elementor-element-a5e6cbc\" data-id=\"a5e6cbc\" data-element_type=\"column\" data-e-type=\"column\" data-settings=\"{&quot;background_background&quot;:&quot;classic&quot;}\">\n\t\t\t<div class=\"elementor-widget-wrap\">\n\t\t\t\t\t\t\t<\/div>\n\t\t<\/div>\n\t\t\t\t<div class=\"elementor-column elementor-col-50 elementor-top-column elementor-element elementor-element-61dc9cd\" data-id=\"61dc9cd\" data-element_type=\"column\" data-e-type=\"column\" data-settings=\"{&quot;background_background&quot;:&quot;classic&quot;}\">\n\t\t\t<div class=\"elementor-widget-wrap elementor-element-populated\">\n\t\t\t\t\t\t<div class=\"elementor-element elementor-element-72979e0 elementor-widget elementor-widget-heading\" data-id=\"72979e0\" data-element_type=\"widget\" data-e-type=\"widget\" data-widget_type=\"heading.default\">\n\t\t\t\t<div class=\"elementor-widget-container\">\n\t\t\t\t\t<h2 class=\"elementor-heading-title elementor-size-default\"><span style=\"color: #6dc1bb;font-size: 40px\">DIPLOMACIA DEPORTIVA<\/h2>\t\t\t\t<\/div>\n\t\t\t\t<\/div>\n\t\t\t\t<div class=\"elementor-element elementor-element-a3dc2f3 elementor-widget elementor-widget-text-editor\" data-id=\"a3dc2f3\" data-element_type=\"widget\" data-e-type=\"widget\" data-widget_type=\"text-editor.default\">\n\t\t\t\t<div class=\"elementor-widget-container\">\n\t\t\t\t\t\t\t\t\t<p data-start=\"0\" data-end=\"190\">El programa de Diplomacia Deportiva cuenta con la participaci\u00f3n de Enviados Deportivos, los cuales son atletas y entrenadores que viajan al extranjero para dirigir programas que fueron desarrollados por las embajadas y consulados de EE. UU.<br \/>Estos entrenadores y atletas estadounidenses organizan cl\u00ednicas deportivas para los j\u00f3venes y sus entrenadores, participan en actividades de alcance comunitario e involucran a los j\u00f3venes en un di\u00e1logo sobre la importancia del liderazgo y el respeto por la diversidad.<br \/>A trav\u00e9s de este programa  se busca promover valores y habilidades para la vida relacionadas con el liderazgo, la igualdad de g\u00e9nero, la no violencia y la participaci\u00f3n comunitaria.<\/p>\t\t\t\t\t\t\t\t<\/div>\n\t\t\t\t<\/div>\n\t\t\t\t\t<\/div>\n\t\t<\/div>\n\t\t\t\t\t<\/div>\n\t\t<\/section>\n\t\t\t\t<\/div>","protected":false},"excerpt":{"rendered":"<p>SPORTS DIPLOMACY The Sports Diplomacy Program features the participation of Sports Envoys, who are athletes and coaches traveling abroad to&nbsp;[&hellip;]<\/p>\n","protected":false},"author":1,"featured_media":0,"parent":0,"menu_order":0,"comment_status":"closed","ping_status":"closed","template":"elementor_header_footer","meta":{"footnotes":""},"class_list":["post-361","page","type-page","status-publish","hentry","post-item clearfix"],"_links":{"self":[{"href":"https:\/\/www.shewinsmexico.org\/es\/wp-json\/wp\/v2\/pages\/361","targetHints":{"allow":["GET"]}}],"collection":[{"href":"https:\/\/www.shewinsmexico.org\/es\/wp-json\/wp\/v2\/pages"}],"about":[{"href":"https:\/\/www.shewinsmexico.org\/es\/wp-json\/wp\/v2\/types\/page"}],"author":[{"embeddable":true,"href":"https:\/\/www.shewinsmexico.org\/es\/wp-json\/wp\/v2\/users\/1"}],"replies":[{"embeddable":true,"href":"https:\/\/www.shewinsmexico.org\/es\/wp-json\/wp\/v2\/comments?post=361"}],"version-history":[{"count":17,"href":"https:\/\/www.shewinsmexico.org\/es\/wp-json\/wp\/v2\/pages\/361\/revisions"}],"predecessor-version":[{"id":2392,"href":"https:\/\/www.shewinsmexico.org\/es\/wp-json\/wp\/v2\/pages\/361\/revisions\/2392"}],"wp:attachment":[{"href":"https:\/\/www.shewinsmexico.org\/es\/wp-json\/wp\/v2\/media?parent=361"}],"curies":[{"name":"wp","href":"https:\/\/api.w.org\/{rel}","templated":true}]}}