{"id":1273,"date":"2024-01-24T14:27:45","date_gmt":"2024-01-24T14:27:45","guid":{"rendered":"https:\/\/www.shewinsmexico.org\/?page_id=1273"},"modified":"2024-01-24T15:03:25","modified_gmt":"2024-01-24T15:03:25","slug":"privacy-policy-gymnastics","status":"publish","type":"page","link":"https:\/\/www.shewinsmexico.org\/es\/privacy-policy-gymnastics\/","title":{"rendered":"Aviso de Privacidad Gimnasia"},"content":{"rendered":"<div data-elementor-type=\"wp-page\" data-elementor-id=\"1273\" class=\"elementor elementor-1273\" data-elementor-post-type=\"page\">\n\t\t\t\t\t\t<section class=\"elementor-section elementor-top-section elementor-element elementor-element-5cbbc96 elementor-section-boxed elementor-section-height-default elementor-section-height-default\" data-id=\"5cbbc96\" data-element_type=\"section\" data-e-type=\"section\">\n\t\t\t\t\t\t<div class=\"elementor-container elementor-column-gap-default\">\n\t\t\t\t\t<div class=\"elementor-column elementor-col-100 elementor-top-column elementor-element elementor-element-90693e0\" data-id=\"90693e0\" data-element_type=\"column\" data-e-type=\"column\">\n\t\t\t<div class=\"elementor-widget-wrap elementor-element-populated\">\n\t\t\t\t\t\t<div class=\"elementor-element elementor-element-5134009 elementor-widget elementor-widget-text-editor\" data-id=\"5134009\" data-element_type=\"widget\" data-e-type=\"widget\" data-widget_type=\"text-editor.default\">\n\t\t\t\t<div class=\"elementor-widget-container\">\n\t\t\t\t\t\t\t\t\t<p style=\"text-align: center;\"><span style=\"color: #000000;\"><b>AVISO DE PRIVACIDAD INTEGRAL DE LA ENCUESTA GENERAL Y AUTOEVALUACI\u00d3N DE LA FEDERACI\u00d3N MEXICANA DE GIMNASIA: \u201cPROTECCI\u00d3N DE GIMNASTAS: ACOSO Y ABUSO EN EL DEPORTE.\u201d<\/b><\/span><\/p>\n<p style=\"text-align: center;\"><span style=\"color: #000000;\"><b>\u00a0<\/b><\/span><\/p>\n<span style=\"font-weight: 400; color: #000000;\">La organizaci\u00f3n She Wins M\u00e9xico, A.C con domicilio en Anatole France 71-F, Col. Polanco, Miguel Hidalgo, C.P. 11560, Ciudad de M\u00e9xico, M\u00e9xico y portal de internet https:\/\/www.shewinsmexico.org\/es\/, recaba sus datos personales y es la responsable del uso, as\u00ed como protecci\u00f3n de sus datos personales, de conformidad con la Ley Federal de Protecci\u00f3n de Datos Personales en Posesi\u00f3n de los Particulares.<\/span>\n\n<span style=\"font-weight: 400; color: #000000;\">Al respecto le informamos lo siguiente:<\/span>\n\n<span style=\"color: #000000;\"><b>Los datos personales que son recabados ser\u00e1n utilizados para las siguientes finalidades:<\/b><\/span>\n<ul>\n \t<li style=\"font-weight: 400;\" aria-level=\"1\"><span style=\"font-weight: 400; color: #000000;\">Recopilar informaci\u00f3n sobre los actuales mecanismos de prevenci\u00f3n, atenci\u00f3n y evaluaci\u00f3n de las interacciones sanas y nocivas en las pr\u00e1cticas de ense\u00f1anza-aprendizaje y competencia en la Federaci\u00f3n Mexicana de Gimnasia.<\/span><\/li>\n \t<li style=\"font-weight: 400;\" aria-level=\"1\"><span style=\"font-weight: 400; color: #000000;\">Elaborar diagn\u00f3sticos de trabajo para para implementar, adecuar y\/o mejorar los procesos de interacci\u00f3n en los m\u00e9todos de ense\u00f1anza-aprendizaje y competencia en la Federaci\u00f3n Mexicana de Gimnasia.<\/span><\/li>\n \t<li style=\"font-weight: 400;\" aria-level=\"1\"><span style=\"font-weight: 400; color: #000000;\">Identificar \u00e1reas de oportunidad en las pr\u00e1cticas de ense\u00f1anza-aprendizaje y competencia para la Federaci\u00f3n Mexicana de Gimnasia.\u00a0<\/span><\/li>\n \t<li style=\"font-weight: 400;\" aria-level=\"1\"><span style=\"font-weight: 400; color: #000000;\">Implementar pol\u00edticas, programas, proyectos y acciones concretas para la prevenci\u00f3n, atenci\u00f3n y evaluaci\u00f3n de las din\u00e1micas de interacci\u00f3n en el entorno de las actividades deportivas y administrativas encaminadas al mantenimiento de ambientes sanos y seguros para la formaci\u00f3n, desarrollo y consolidaci\u00f3n de habilidades deportivas de gimnastas llevadas a cabo por la Federaci\u00f3n Mexicana de Gimnasia, su personal, sus entrenadores, oficiales  y sus atletas, as\u00ed como \u00f3rganos que integran a la Federaci\u00f3n Mexicana de Gimnasia.<\/span><\/li>\n<\/ul>\n<span style=\"font-weight: 400; color: #000000;\">Los datos personales que se utilizar\u00e1n ser\u00e1n recolectados a trav\u00e9s de un formulario electr\u00f3nico, cuyo enlace de ingreso ser\u00e1 remitido a las personas encuestadas mediante la direcci\u00f3n de correo electr\u00f3nico shewinsmx@gmail.com. De igual manera, se invitar\u00e1 a los participantes a participar por v\u00eda de las redes sociales de la Federaci\u00f3n Mexicana de Gimnasia (FB: @fmgimnasia.org.mx e IG @fedmex_gimnasia), She Wins M\u00e9xico (FB: She Wins M\u00e9xico e IG: @SheWinsMx) y Dale Vuelta (IG: @DaleVueltaMX).<\/span>\n\n<span style=\"color: #000000;\"><b>\u00bfQu\u00e9 datos personales utilizaremos para estos fines?<\/b><\/span>\n\n<span style=\"font-weight: 400; color: #000000;\">Para llevar a cabo las finalidades descritas en el presente aviso de privacidad, utilizaremos los siguientes datos personales:<\/span>\n<ul>\n \t<li style=\"font-weight: 400;\" aria-level=\"1\"><span style=\"font-weight: 400; color: #000000;\">G\u00e9nero<\/span><\/li>\n \t<li style=\"font-weight: 400;\" aria-level=\"1\"><span style=\"font-weight: 400; color: #000000;\">Edad<\/span><\/li>\n \t<li style=\"font-weight: 400;\" aria-level=\"1\"><span style=\"font-weight: 400; color: #000000;\">Discapacidad<\/span><\/li>\n \t<li style=\"font-weight: 400;\" aria-level=\"1\"><span style=\"font-weight: 400; color: #000000;\">Lugar de Residencia<\/span><\/li>\n \t<li style=\"font-weight: 400;\" aria-level=\"1\"><span style=\"font-weight: 400; color: #000000;\">Modalidad que practicas<\/span><\/li>\n<\/ul>\n<span style=\"font-weight: 400; color: #000000;\">Desde su recopilaci\u00f3n, los datos personales ser\u00e1n sometidos a un proceso de disociaci\u00f3n, implicando que la informaci\u00f3n que se obtenga no pueda asociarse a una persona f\u00edsica identificada o identificable.<\/span>\n\n<span style=\"color: #000000;\"><b>Ejercicio de derechos ARCO (Acceso, Rectificaci\u00f3n, Cancelaci\u00f3n u Oposici\u00f3n al uso de sus datos personales), limitaci\u00f3n del uso y divulgaci\u00f3n de informaci\u00f3n personal y revocaci\u00f3n de consentimiento.<\/b><\/span>\n\n<span style=\"font-weight: 400; color: #000000;\">Usted tiene derecho a conocer qu\u00e9 datos personales tenemos de usted, para qu\u00e9 los utilizamos y las condiciones del uso que les damos (Acceso). Asimismo, es su derecho a solicitar la correcci\u00f3n de su informaci\u00f3n personal en caso de que est\u00e9 desactualizada, sea inexacta o incompleta (Rectificaci\u00f3n); que la eliminemos de nuestros registros o bases de datos cuando considere que la misma no est\u00e1 siendo utilizada adecuadamente (Cancelaci\u00f3n); as\u00ed como oponerse al uso de sus datos personales para fines espec\u00edficos (Oposici\u00f3n). Estos derechos se conocen como derechos ARCO.<\/span>\n\n<span style=\"color: #000000;\"><span style=\"font-weight: 400;\">Para ejercer sus derechos de acceso, rectificaci\u00f3n, cancelaci\u00f3n y oposici\u00f3n puede presentar su solicitud al correo electr\u00f3nico shewinsmx@gmail.com, presentando la siguiente informaci\u00f3n: <\/span><a style=\"color: #000000;\" href=\"mailto:shewinsmx@gmail.com\"><span style=\"font-weight: 400;\">shewinsmx@gmail.com<\/span><\/a><span style=\"font-weight: 400;\"> by submitting the following information:<\/span><\/span>\n<ol>\n \t<li style=\"font-weight: 400;\" aria-level=\"1\"><span style=\"font-weight: 400; color: #000000;\">La solicitud deber\u00e1 contener el nombre de la persona titular de los datos personales de que se trate, detallar el o los datos personales sobre los que se desea el ejercicio de derechos ARCO, la descripci\u00f3n de la acci\u00f3n que se desea realizar sobre los mismos (acceso, rectificaci\u00f3n, cancelaci\u00f3n u oposici\u00f3n), motivos de la presentaci\u00f3n de la solicitud, as\u00ed como domicilio, n\u00famero telef\u00f3nico y correo electr\u00f3nico, para efectos de contacto.<\/span><\/li>\n<\/ol>\n<span style=\"font-weight: 400; color: #000000;\">En el caso de solicitudes de rectificaci\u00f3n de datos personales, la persona titular de los datos personales de que se trate deber\u00e1 indicar, adem\u00e1s de lo se\u00f1alado en el p\u00e1rrafo anterior, las modificaciones a realizarse y aportar la documentaci\u00f3n que sustente su petici\u00f3n.<\/span>\n<ol>\n \t<li style=\"font-weight: 400;\" aria-level=\"1\"><span style=\"font-weight: 400; color: #000000;\">Copia legible de una identificaci\u00f3n oficial vigente con fotograf\u00eda de la persona titular, de entre las siguientes:<\/span><\/li>\n<\/ol>\n<ul>\n \t<li style=\"font-weight: 400;\" aria-level=\"1\"><span style=\"font-weight: 400; color: #000000;\">Credencial para votar.<\/span><\/li>\n \t<li style=\"font-weight: 400;\" aria-level=\"1\"><span style=\"font-weight: 400; color: #000000;\">Pasaporte.<\/span><\/li>\n \t<li style=\"font-weight: 400;\" aria-level=\"1\"><span style=\"font-weight: 400; color: #000000;\">C\u00e9dula profesional.<\/span><\/li>\n \t<li style=\"font-weight: 400;\" aria-level=\"1\"><span style=\"font-weight: 400; color: #000000;\">Cartilla del Servicio Militar Nacional liberada.<\/span><\/li>\n \t<li style=\"font-weight: 400;\" aria-level=\"1\"><span style=\"font-weight: 400; color: #000000;\">Certificado de Nacionalidad Mexicana.<\/span><\/li>\n \t<li style=\"font-weight: 400;\" aria-level=\"1\"><span style=\"font-weight: 400; color: #000000;\">C\u00e9dula de Identidad Ciudadana (para personas extranjeras).<\/span><\/li>\n<\/ul>\n<span style=\"font-weight: 400; color: #000000;\">En caso de que la solicitud sea presentada por representante legal, igualmente deber\u00e1 adjuntarse copia de identificaci\u00f3n oficial vigente con fotograf\u00eda de la persona representante y carta poder simple para tales efectos.<\/span>\n\n<span style=\"font-weight: 400; color: #000000;\">La respuesta a su solicitud se le comunicar\u00e1 v\u00eda correo electr\u00f3nico en un plazo m\u00e1ximo de veinte d\u00edas h\u00e1biles contados desde la fecha en que se recibi\u00f3 la solicitud, a efecto de que, si resulta procedente, haga efectiva la misma dentro de los quince d\u00edas h\u00e1biles siguientes a que se comunique la respuesta. Los datos personales de los que, en su caso, solicite el acceso pueden ser reproducidos por medios f\u00edsicos y digitales.<\/span>\n\n<span style=\"font-weight: 400; color: #000000;\">De igual manera, puede limitar el uso y divulgaci\u00f3n de su informaci\u00f3n personal, as\u00ed como revocar el consentimiento que, en su caso, nos haya otorgado para el tratamiento de sus datos personales. Sin embargo, es importante que tenga en cuenta que no en todos los casos podremos atender su solicitud o concluir el uso de forma inmediata, ya que es posible que por alguna obligaci\u00f3n legal requiramos seguir tratando sus datos personales.<\/span>\n\n<span style=\"font-weight: 400; color: #000000;\">Los datos de contacto de la persona o departamento de datos personales, que est\u00e1 a cargo de dar tr\u00e1mite a las solicitudes de derechos ARCO, son los siguientes:<\/span>\n<ol>\n \t<li style=\"font-weight: 400;\" aria-level=\"1\"><span style=\"color: #000000;\"><b>Nombre de la persona o departamento de datos personales: <\/b><span style=\"font-weight: 400;\">Cecilia Vales Villaz\u00f3n<\/span><\/span><\/li>\n \t<li style=\"font-weight: 400;\" aria-level=\"1\"><span style=\"color: #000000;\"><b>Domicilio:<\/b><span style=\"font-weight: 400;\"> Anatole France 71-F, Col. Polanco, Miguel Hidalgo, C.P. 11560, Mexico City, Mexico<\/span><\/span><\/li>\n \t<li style=\"font-weight: 400;\" aria-level=\"1\"><span style=\"color: #000000;\"><b>E-mail: <\/b><a style=\"color: #000000;\" href=\"mailto:shewinsmx@gmail.com\"><span style=\"font-weight: 400;\">shewinsmx@gmail.com<\/span><\/a><\/span><\/li>\n<\/ol>\n<span style=\"color: #000000;\"><b>Cookies y Web Beacons<\/b><\/span>\n\n<span style=\"font-weight: 400; color: #000000;\">El sitio Web del formulario electr\u00f3nico que contiene la encuesta utiliza cookies y web beacons a trav\u00e9s de los cuales es posible generar informaci\u00f3n estad\u00edstica.\u00a0<\/span>\n\n<span style=\"font-weight: 400; color: #000000;\">Las cookies son archivos generados autom\u00e1ticamente y almacenados en el dispositivo del usuario al acceder a alg\u00fan sitio espec\u00edfico en Internet, que permiten registrar datos sobre la sesi\u00f3n del usuario, entre otros: sus preferencias para la visualizaci\u00f3n de las p\u00e1ginas en ese servidor, nombre y contrase\u00f1a. Asimismo, el sitio Web contiene anuncios que pueden generar cookies.\u00a0<\/span>\n\n<span style=\"font-weight: 400; color: #000000;\">Web Beacons are techniques that record user activity regarding access to certain types of information within the website for statistical and site improvement purposes. Among the types of information recorded with these techniques are enunciatively but not limited:<\/span>\n<ul>\n \t<li style=\"font-weight: 400;\" aria-level=\"1\"><span style=\"font-weight: 400; color: #000000;\">Tipo de navegador y sistema operativo.<\/span><\/li>\n \t<li style=\"font-weight: 400;\" aria-level=\"1\"><span style=\"font-weight: 400; color: #000000;\">Si cuenta o no con software como java script o flash.<\/span><\/li>\n \t<li style=\"font-weight: 400;\" aria-level=\"1\"><span style=\"font-weight: 400; color: #000000;\">Sitio que visit\u00f3 antes de entrar al nuestro.<\/span><\/li>\n \t<li style=\"font-weight: 400;\" aria-level=\"1\"><span style=\"font-weight: 400; color: #000000;\">V\u00ednculos web que sigue en Internet.<\/span><\/li>\n \t<li style=\"font-weight: 400;\" aria-level=\"1\"><span style=\"font-weight: 400; color: #000000;\">Su direcci\u00f3n IP (Internet Protocol).<\/span><\/li>\n<\/ul>\n<span style=\"font-weight: 400; color: #000000;\">Estas cookies y otras tecnolog\u00edas pueden ser deshabilitadas. Para conocer c\u00f3mo hacerlo, consulte los siguientes v\u00ednculos:<\/span>\n<ul>\n \t<li style=\"font-weight: 400;\" aria-level=\"1\"><span style=\"color: #000000;\"><b>Microsoft Edge: <\/b><span style=\"font-weight: 400;\">https:\/\/support.microsoft.com\/es-mx\/help\/4468242\/microsoft-edge-browsing-data-and-privacy-microsoft-privacy<\/span><\/span><\/li>\n \t<li style=\"font-weight: 400;\" aria-level=\"1\"><span style=\"color: #000000;\"><b>Mozilla Firefox: <\/b><span style=\"font-weight: 400;\">https:\/\/support.mozilla.org\/es\/kb\/habilitar-y-deshabilitar-cookies-sitios-web-rastrear-preferencias<\/span><\/span><\/li>\n \t<li style=\"font-weight: 400;\" aria-level=\"1\"><span style=\"color: #000000;\"><b>Google Chrome: <\/b><span style=\"font-weight: 400;\">https:\/\/support.google.com\/accounts\/answer\/61416?co=GENI.Platform%3DDesktop&amp;hl=es\u00a0<\/span><\/span><\/li>\n \t<li style=\"font-weight: 400;\" aria-level=\"1\"><span style=\"font-weight: 400; color: #000000;\">Apple Safari: https:\/\/support.apple.com\/es-es\/guide\/safari\/sfri11471\/mac\u00a0<\/span><\/li>\n<\/ul>\n<span style=\"font-weight: 400; color: #000000;\">En el caso de empleo de cookies, el bot\u00f3n de \u201cayuda\u201d que se encuentra en la barra de herramientas de la mayor\u00eda de los navegadores, le dir\u00e1 c\u00f3mo evitar aceptar nuevas cookies, c\u00f3mo hacer que el navegador le notifique cuando recibe una nueva cookie o c\u00f3mo deshabilitar todas las cookies.<\/span>\n\n<span style=\"font-weight: 400; color: #000000;\">She Wins M\u00e9xico, A.C no almacena la informaci\u00f3n que obtienen las Cookies y Web Beacons.<\/span>\n\n<span style=\"color: #000000;\"><b>Modificaciones al Aviso de Privacidad<\/b><\/span>\n\n<span style=\"font-weight: 400; color: #000000;\">El presente aviso de privacidad puede ser revisado al menos una vez semestralmente y sufrir modificaciones, cambios o actualizaciones derivadas de nuevos requerimientos legales; de nuestras propias necesidades por los productos o servicios que ofrecemos; o por otras causas.<\/span>\n\n<span style=\"color: #000000;\"><span style=\"font-weight: 400;\">Nos comprometemos a mantenerle al tanto de los cambios que pueda sufrir el presente aviso de privacidad a trav\u00e9s de la <\/span><a style=\"color: #000000;\" href=\"https:\/\/www.shewinsmexico.org\/es\/\"><span style=\"font-weight: 400;\">p\u00e1gina web https:\/\/www.shewinsmexico.org\/es\/<\/span><\/a><span style=\"font-weight: 400;\"> en la secci\u00f3n Aviso de Privacidad Integral de la Encuesta y Autoevaluaci\u00f3n de la Federaci\u00f3n Mexicana de Gimnasia: \u201cProtecci\u00f3n de Gimnastas: Acoso y Abuso en el Deporte.\u201d\u00a0<\/span><\/span>\n\n<span style=\"font-weight: 400; color: #000000;\">\u00a0<\/span>\n\n<span style=\"font-weight: 400; color: #000000;\">Se recomienda consultar el Aviso de Privacidad, por lo menos semestralmente para observar las actualizaciones, en su caso, de las condiciones y t\u00e9rminos de este.\u00a0<\/span>\n\n<span style=\"color: #000000;\"><b>Fecha \u00faltima actualizaci\u00f3n:<\/b><span style=\"font-weight: 400;\"> 7\u00ba de marzo de 2022<\/span><\/span>\t\t\t\t\t\t\t\t<\/div>\n\t\t\t\t<\/div>\n\t\t\t\t\t<\/div>\n\t\t<\/div>\n\t\t\t\t\t<\/div>\n\t\t<\/section>\n\t\t\t\t<\/div>","protected":false},"excerpt":{"rendered":"<p>COMPREHENSIVE PRIVACY NOTICE FROM THE MEXICAN GYMNASTICS FEDERATION\u2019S GENERAL SURVEY AND SELF-ASSESSMENT: &#8220;PROTECTION OF GYMNASTS: HARASSMENT AND ABUSE IN SPORT.&#8221;&nbsp;[&hellip;]<\/p>\n","protected":false},"author":1,"featured_media":0,"parent":0,"menu_order":0,"comment_status":"closed","ping_status":"closed","template":"page-templates\/template_fullwidth.php","meta":{"footnotes":""},"class_list":["post-1273","page","type-page","status-publish","hentry","post-item clearfix"],"_links":{"self":[{"href":"https:\/\/www.shewinsmexico.org\/es\/wp-json\/wp\/v2\/pages\/1273","targetHints":{"allow":["GET"]}}],"collection":[{"href":"https:\/\/www.shewinsmexico.org\/es\/wp-json\/wp\/v2\/pages"}],"about":[{"href":"https:\/\/www.shewinsmexico.org\/es\/wp-json\/wp\/v2\/types\/page"}],"author":[{"embeddable":true,"href":"https:\/\/www.shewinsmexico.org\/es\/wp-json\/wp\/v2\/users\/1"}],"replies":[{"embeddable":true,"href":"https:\/\/www.shewinsmexico.org\/es\/wp-json\/wp\/v2\/comments?post=1273"}],"version-history":[{"count":19,"href":"https:\/\/www.shewinsmexico.org\/es\/wp-json\/wp\/v2\/pages\/1273\/revisions"}],"predecessor-version":[{"id":1296,"href":"https:\/\/www.shewinsmexico.org\/es\/wp-json\/wp\/v2\/pages\/1273\/revisions\/1296"}],"wp:attachment":[{"href":"https:\/\/www.shewinsmexico.org\/es\/wp-json\/wp\/v2\/media?parent=1273"}],"curies":[{"name":"wp","href":"https:\/\/api.w.org\/{rel}","templated":true}]}}